{"id":245,"date":"2025-05-03T06:15:35","date_gmt":"2025-05-03T04:15:35","guid":{"rendered":"https:\/\/osteriadoro.be\/livraison-a-domicile\/"},"modified":"2025-05-16T10:49:42","modified_gmt":"2025-05-16T08:49:42","slug":"livraison-a-domicile","status":"publish","type":"page","link":"https:\/\/osteriadoro.be\/fr\/livraison-a-domicile\/","title":{"rendered":"Livraison \u00e0 domicile"},"content":{"rendered":"\t\t<div data-elementor-type=\"wp-page\" data-elementor-id=\"245\" class=\"elementor elementor-245 elementor-17\" data-elementor-post-type=\"page\">\n\t\t\t\t<div class=\"elementor-element elementor-element-76a272b e-flex e-con-boxed e-con e-parent\" data-id=\"76a272b\" data-element_type=\"container\" data-e-type=\"container\" data-settings=\"{&quot;background_background&quot;:&quot;classic&quot;}\">\n\t\t\t\t\t<div class=\"e-con-inner\">\n\t\t<div class=\"elementor-element elementor-element-8da6899 e-con-full e-flex e-con e-child\" data-id=\"8da6899\" data-element_type=\"container\" data-e-type=\"container\">\n\t\t\t\t<\/div>\n\t\t\t\t\t<\/div>\n\t\t\t\t<\/div>\n\t\t<div class=\"elementor-element elementor-element-04c0588 e-flex e-con-boxed e-con e-parent\" data-id=\"04c0588\" data-element_type=\"container\" data-e-type=\"container\">\n\t\t\t\t\t<div class=\"e-con-inner\">\n\t\t<div class=\"elementor-element elementor-element-1b0177d e-con-full e-flex elementor-invisible e-con e-child\" data-id=\"1b0177d\" data-element_type=\"container\" data-e-type=\"container\" data-settings=\"{&quot;animation&quot;:&quot;fadeIn&quot;,&quot;animation_delay&quot;:300}\">\n\t\t\t\t<div class=\"elementor-element elementor-element-5ebab07 elementor-widget-mobile__width-initial elementor-widget elementor-widget-heading\" data-id=\"5ebab07\" data-element_type=\"widget\" data-e-type=\"widget\" data-widget_type=\"heading.default\">\n\t\t\t\t<div class=\"elementor-widget-container\">\n\t\t\t\t\t<h2 class=\"elementor-heading-title elementor-size-default\">D\u00e9licatesses italiennes livr\u00e9es chez vous<\/h2>\t\t\t\t<\/div>\n\t\t\t\t<\/div>\n\t\t\t\t<div class=\"elementor-element elementor-element-11de92f elementor-widget__width-initial elementor-widget elementor-widget-text-editor\" data-id=\"11de92f\" data-element_type=\"widget\" data-e-type=\"widget\" data-widget_type=\"text-editor.default\">\n\t\t\t\t<div class=\"elementor-widget-container\">\n\t\t\t\t\t\t\t\t\t<p class=\"\" data-start=\"42\" data-end=\"320\">Vous souhaitez profiter de nos sp\u00e9cialit\u00e9s italiennes chez vous ? Chez <strong data-start=\"113\" data-end=\"130\">Osteria d\u2019Oro<\/strong>, nous vous proposons une livraison personnalis\u00e9e \u00e0 domicile apr\u00e8s 18 heures. Ainsi, vous n\u2019avez \u00e0 vous soucier de rien et pouvez savourer confortablement des produits frais et de qualit\u00e9.<\/p><p class=\"\" data-start=\"322\" data-end=\"583\">Les commandes sont pr\u00e9par\u00e9es avec le plus grand soin et livr\u00e9es \u00e0 l\u2019heure convenue, afin que vous puissiez toujours profiter de plats frais et savoureux. C\u2019est notre fa\u00e7on de vous faire d\u00e9couvrir, m\u00eame chez vous, la qualit\u00e9 et le savoir-faire d\u2019Osteria d\u2019Oro.<\/p><p class=\"\" data-start=\"585\" data-end=\"728\">Que ce soit pour une s\u00e9lection d\u2019antipasti, des p\u00e2tes fra\u00eeches ou une bouteille de vin italien : nous apportons l\u2019Italie jusqu\u2019\u00e0 votre porte.<\/p><p class=\"\" data-start=\"730\" data-end=\"904\">\u2713 <strong data-start=\"732\" data-end=\"764\">Traiteur italien authentique<\/strong><br data-start=\"764\" data-end=\"767\" \/>\u2713 <strong data-start=\"769\" data-end=\"804\">P\u00e2tes, pizzas &amp; truffes du jour<\/strong><br data-start=\"804\" data-end=\"807\" \/>\u2713 <strong data-start=\"809\" data-end=\"863\">Vins et sp\u00e9cialit\u00e9s de toutes les r\u00e9gions d\u2019Italie<\/strong><br data-start=\"863\" data-end=\"866\" data-is-only-node=\"\" \/>\u2713 <strong data-start=\"868\" data-end=\"902\">Livraison \u00e0 domicile apr\u00e8s 18h<\/strong><\/p><p class=\"\" data-start=\"906\" data-end=\"960\"><strong data-start=\"906\" data-end=\"958\">D\u00e9gustation italienne sans quitter votre maison.<\/strong><\/p>\t\t\t\t\t\t\t\t<\/div>\n\t\t\t\t<\/div>\n\t\t\t\t<div class=\"elementor-element elementor-element-2f6496b elementor-align-left btn-effect elementor-mobile-align-center elementor-widget elementor-widget-button\" data-id=\"2f6496b\" data-element_type=\"widget\" data-e-type=\"widget\" data-widget_type=\"button.default\">\n\t\t\t\t<div class=\"elementor-widget-container\">\n\t\t\t\t\t\t\t\t\t<div class=\"elementor-button-wrapper\">\n\t\t\t\t\t<a class=\"elementor-button elementor-button-link elementor-size-sm\" href=\"https:\/\/osteriadoro.be\/fr\/contact\/\">\n\t\t\t\t\t\t<span class=\"elementor-button-content-wrapper\">\n\t\t\t\t\t\t\t\t\t<span class=\"elementor-button-text\">Je souhaite commander<\/span>\n\t\t\t\t\t<\/span>\n\t\t\t\t\t<\/a>\n\t\t\t\t<\/div>\n\t\t\t\t\t\t\t\t<\/div>\n\t\t\t\t<\/div>\n\t\t\t\t<\/div>\n\t\t\t\t\t<\/div>\n\t\t\t\t<\/div>\n\t\t\t\t<\/div>\n\t\t","protected":false},"excerpt":{"rendered":"<p>D\u00e9licatesses italiennes livr\u00e9es chez vous Vous souhaitez profiter de nos sp\u00e9cialit\u00e9s italiennes chez vous ? Chez Osteria d\u2019Oro, nous vous proposons une livraison personnalis\u00e9e \u00e0 domicile apr\u00e8s 18 heures. Ainsi, vous n\u2019avez \u00e0 vous soucier de rien et pouvez savourer confortablement des produits frais et de qualit\u00e9. Les commandes sont pr\u00e9par\u00e9es avec le plus grand [&hellip;]<\/p>\n","protected":false},"author":1,"featured_media":0,"parent":0,"menu_order":0,"comment_status":"closed","ping_status":"closed","template":"","meta":{"footnotes":""},"class_list":["post-245","page","type-page","status-publish","hentry"],"yoast_head":"<!-- This site is optimized with the Yoast SEO plugin v27.3 - https:\/\/yoast.com\/product\/yoast-seo-wordpress\/ -->\n<title>D\u00e9licatesses Italiennes livr\u00e9es \u00e0 domicile \u00e0 Knokke | Osteria d&#039;Oro<\/title>\n<meta name=\"description\" content=\"Savourez les saveurs italiennes authentiques d&#039;Osteria d&#039;Oro, livr\u00e9es confortablement chez vous \u00e0 Knokke. Commandez vos sp\u00e9cialit\u00e9s pr\u00e9f\u00e9r\u00e9es apr\u00e8s 18h!\" \/>\n<meta name=\"robots\" content=\"index, follow, max-snippet:-1, max-image-preview:large, max-video-preview:-1\" \/>\n<link rel=\"canonical\" href=\"https:\/\/osteriadoro.be\/fr\/livraison-a-domicile\/\" \/>\n<meta property=\"og:locale\" content=\"fr_FR\" \/>\n<meta property=\"og:type\" content=\"article\" \/>\n<meta property=\"og:title\" content=\"D\u00e9licatesses Italiennes livr\u00e9es \u00e0 domicile \u00e0 Knokke | Osteria d&#039;Oro\" \/>\n<meta property=\"og:description\" content=\"Savourez les saveurs italiennes authentiques d&#039;Osteria d&#039;Oro, livr\u00e9es confortablement chez vous \u00e0 Knokke. Commandez vos sp\u00e9cialit\u00e9s pr\u00e9f\u00e9r\u00e9es apr\u00e8s 18h!\" \/>\n<meta property=\"og:url\" content=\"https:\/\/osteriadoro.be\/fr\/livraison-a-domicile\/\" \/>\n<meta property=\"og:site_name\" content=\"Traiteur Osteria d\u2019Oro\" \/>\n<meta property=\"article:modified_time\" content=\"2025-05-16T08:49:42+00:00\" \/>\n<meta property=\"og:image\" content=\"https:\/\/osteriadoro.be\/wp-content\/uploads\/2025\/05\/logo.jpg\" \/>\n\t<meta property=\"og:image:width\" content=\"697\" \/>\n\t<meta property=\"og:image:height\" content=\"374\" \/>\n\t<meta property=\"og:image:type\" content=\"image\/jpeg\" \/>\n<meta name=\"twitter:card\" content=\"summary_large_image\" \/>\n<meta name=\"twitter:label1\" content=\"Dur\u00e9e de lecture est.\" \/>\n\t<meta name=\"twitter:data1\" content=\"1 minute\" \/>\n<script type=\"application\/ld+json\" class=\"yoast-schema-graph\">{\"@context\":\"https:\\\/\\\/schema.org\",\"@graph\":[{\"@type\":\"WebPage\",\"@id\":\"https:\\\/\\\/osteriadoro.be\\\/fr\\\/livraison-a-domicile\\\/\",\"url\":\"https:\\\/\\\/osteriadoro.be\\\/fr\\\/livraison-a-domicile\\\/\",\"name\":\"D\u00e9licatesses Italiennes livr\u00e9es \u00e0 domicile \u00e0 Knokke | Osteria d'Oro\",\"isPartOf\":{\"@id\":\"https:\\\/\\\/osteriadoro.be\\\/fr\\\/#website\"},\"datePublished\":\"2025-05-03T04:15:35+00:00\",\"dateModified\":\"2025-05-16T08:49:42+00:00\",\"description\":\"Savourez les saveurs italiennes authentiques d'Osteria d'Oro, livr\u00e9es confortablement chez vous \u00e0 Knokke. Commandez vos sp\u00e9cialit\u00e9s pr\u00e9f\u00e9r\u00e9es apr\u00e8s 18h!\",\"breadcrumb\":{\"@id\":\"https:\\\/\\\/osteriadoro.be\\\/fr\\\/livraison-a-domicile\\\/#breadcrumb\"},\"inLanguage\":\"fr-BE\",\"potentialAction\":[{\"@type\":\"ReadAction\",\"target\":[\"https:\\\/\\\/osteriadoro.be\\\/fr\\\/livraison-a-domicile\\\/\"]}]},{\"@type\":\"BreadcrumbList\",\"@id\":\"https:\\\/\\\/osteriadoro.be\\\/fr\\\/livraison-a-domicile\\\/#breadcrumb\",\"itemListElement\":[{\"@type\":\"ListItem\",\"position\":1,\"name\":\"Home\",\"item\":\"https:\\\/\\\/osteriadoro.be\\\/fr\\\/\"},{\"@type\":\"ListItem\",\"position\":2,\"name\":\"Livraison \u00e0 domicile\"}]},{\"@type\":\"WebSite\",\"@id\":\"https:\\\/\\\/osteriadoro.be\\\/fr\\\/#website\",\"url\":\"https:\\\/\\\/osteriadoro.be\\\/fr\\\/\",\"name\":\"Traiteur Osteria d'Oro\",\"description\":\"De fijnste Italiaanse delicatessen in Knokke\",\"publisher\":{\"@id\":\"https:\\\/\\\/osteriadoro.be\\\/fr\\\/#organization\"},\"potentialAction\":[{\"@type\":\"SearchAction\",\"target\":{\"@type\":\"EntryPoint\",\"urlTemplate\":\"https:\\\/\\\/osteriadoro.be\\\/fr\\\/?s={search_term_string}\"},\"query-input\":{\"@type\":\"PropertyValueSpecification\",\"valueRequired\":true,\"valueName\":\"search_term_string\"}}],\"inLanguage\":\"fr-BE\"},{\"@type\":\"Organization\",\"@id\":\"https:\\\/\\\/osteriadoro.be\\\/fr\\\/#organization\",\"name\":\"Traiteur Osteria d'Oro\",\"url\":\"https:\\\/\\\/osteriadoro.be\\\/fr\\\/\",\"logo\":{\"@type\":\"ImageObject\",\"inLanguage\":\"fr-BE\",\"@id\":\"https:\\\/\\\/osteriadoro.be\\\/fr\\\/#\\\/schema\\\/logo\\\/image\\\/\",\"url\":\"https:\\\/\\\/osteriadoro.be\\\/wp-content\\\/uploads\\\/2025\\\/05\\\/logo.jpg\",\"contentUrl\":\"https:\\\/\\\/osteriadoro.be\\\/wp-content\\\/uploads\\\/2025\\\/05\\\/logo.jpg\",\"width\":697,\"height\":374,\"caption\":\"Traiteur Osteria d'Oro\"},\"image\":{\"@id\":\"https:\\\/\\\/osteriadoro.be\\\/fr\\\/#\\\/schema\\\/logo\\\/image\\\/\"}}]}<\/script>\n<!-- \/ Yoast SEO plugin. -->","yoast_head_json":{"title":"D\u00e9licatesses Italiennes livr\u00e9es \u00e0 domicile \u00e0 Knokke | Osteria d'Oro","description":"Savourez les saveurs italiennes authentiques d'Osteria d'Oro, livr\u00e9es confortablement chez vous \u00e0 Knokke. Commandez vos sp\u00e9cialit\u00e9s pr\u00e9f\u00e9r\u00e9es apr\u00e8s 18h!","robots":{"index":"index","follow":"follow","max-snippet":"max-snippet:-1","max-image-preview":"max-image-preview:large","max-video-preview":"max-video-preview:-1"},"canonical":"https:\/\/osteriadoro.be\/fr\/livraison-a-domicile\/","og_locale":"fr_FR","og_type":"article","og_title":"D\u00e9licatesses Italiennes livr\u00e9es \u00e0 domicile \u00e0 Knokke | Osteria d'Oro","og_description":"Savourez les saveurs italiennes authentiques d'Osteria d'Oro, livr\u00e9es confortablement chez vous \u00e0 Knokke. Commandez vos sp\u00e9cialit\u00e9s pr\u00e9f\u00e9r\u00e9es apr\u00e8s 18h!","og_url":"https:\/\/osteriadoro.be\/fr\/livraison-a-domicile\/","og_site_name":"Traiteur Osteria d\u2019Oro","article_modified_time":"2025-05-16T08:49:42+00:00","og_image":[{"width":697,"height":374,"url":"https:\/\/osteriadoro.be\/wp-content\/uploads\/2025\/05\/logo.jpg","type":"image\/jpeg"}],"twitter_card":"summary_large_image","twitter_misc":{"Dur\u00e9e de lecture est.":"1 minute"},"schema":{"@context":"https:\/\/schema.org","@graph":[{"@type":"WebPage","@id":"https:\/\/osteriadoro.be\/fr\/livraison-a-domicile\/","url":"https:\/\/osteriadoro.be\/fr\/livraison-a-domicile\/","name":"D\u00e9licatesses Italiennes livr\u00e9es \u00e0 domicile \u00e0 Knokke | Osteria d'Oro","isPartOf":{"@id":"https:\/\/osteriadoro.be\/fr\/#website"},"datePublished":"2025-05-03T04:15:35+00:00","dateModified":"2025-05-16T08:49:42+00:00","description":"Savourez les saveurs italiennes authentiques d'Osteria d'Oro, livr\u00e9es confortablement chez vous \u00e0 Knokke. Commandez vos sp\u00e9cialit\u00e9s pr\u00e9f\u00e9r\u00e9es apr\u00e8s 18h!","breadcrumb":{"@id":"https:\/\/osteriadoro.be\/fr\/livraison-a-domicile\/#breadcrumb"},"inLanguage":"fr-BE","potentialAction":[{"@type":"ReadAction","target":["https:\/\/osteriadoro.be\/fr\/livraison-a-domicile\/"]}]},{"@type":"BreadcrumbList","@id":"https:\/\/osteriadoro.be\/fr\/livraison-a-domicile\/#breadcrumb","itemListElement":[{"@type":"ListItem","position":1,"name":"Home","item":"https:\/\/osteriadoro.be\/fr\/"},{"@type":"ListItem","position":2,"name":"Livraison \u00e0 domicile"}]},{"@type":"WebSite","@id":"https:\/\/osteriadoro.be\/fr\/#website","url":"https:\/\/osteriadoro.be\/fr\/","name":"Traiteur Osteria d'Oro","description":"De fijnste Italiaanse delicatessen in Knokke","publisher":{"@id":"https:\/\/osteriadoro.be\/fr\/#organization"},"potentialAction":[{"@type":"SearchAction","target":{"@type":"EntryPoint","urlTemplate":"https:\/\/osteriadoro.be\/fr\/?s={search_term_string}"},"query-input":{"@type":"PropertyValueSpecification","valueRequired":true,"valueName":"search_term_string"}}],"inLanguage":"fr-BE"},{"@type":"Organization","@id":"https:\/\/osteriadoro.be\/fr\/#organization","name":"Traiteur Osteria d'Oro","url":"https:\/\/osteriadoro.be\/fr\/","logo":{"@type":"ImageObject","inLanguage":"fr-BE","@id":"https:\/\/osteriadoro.be\/fr\/#\/schema\/logo\/image\/","url":"https:\/\/osteriadoro.be\/wp-content\/uploads\/2025\/05\/logo.jpg","contentUrl":"https:\/\/osteriadoro.be\/wp-content\/uploads\/2025\/05\/logo.jpg","width":697,"height":374,"caption":"Traiteur Osteria d'Oro"},"image":{"@id":"https:\/\/osteriadoro.be\/fr\/#\/schema\/logo\/image\/"}}]}},"_links":{"self":[{"href":"https:\/\/osteriadoro.be\/fr\/wp-json\/wp\/v2\/pages\/245","targetHints":{"allow":["GET"]}}],"collection":[{"href":"https:\/\/osteriadoro.be\/fr\/wp-json\/wp\/v2\/pages"}],"about":[{"href":"https:\/\/osteriadoro.be\/fr\/wp-json\/wp\/v2\/types\/page"}],"author":[{"embeddable":true,"href":"https:\/\/osteriadoro.be\/fr\/wp-json\/wp\/v2\/users\/1"}],"replies":[{"embeddable":true,"href":"https:\/\/osteriadoro.be\/fr\/wp-json\/wp\/v2\/comments?post=245"}],"version-history":[{"count":17,"href":"https:\/\/osteriadoro.be\/fr\/wp-json\/wp\/v2\/pages\/245\/revisions"}],"predecessor-version":[{"id":466,"href":"https:\/\/osteriadoro.be\/fr\/wp-json\/wp\/v2\/pages\/245\/revisions\/466"}],"wp:attachment":[{"href":"https:\/\/osteriadoro.be\/fr\/wp-json\/wp\/v2\/media?parent=245"}],"curies":[{"name":"wp","href":"https:\/\/api.w.org\/{rel}","templated":true}]}}