{"id":243,"date":"2025-05-03T06:15:14","date_gmt":"2025-05-03T04:15:14","guid":{"rendered":"https:\/\/osteriadoro.be\/degustation-sur-place\/"},"modified":"2025-05-16T10:36:24","modified_gmt":"2025-05-16T08:36:24","slug":"degustation-sur-place","status":"publish","type":"page","link":"https:\/\/osteriadoro.be\/fr\/degustation-sur-place\/","title":{"rendered":"D\u00e9gustation sur place"},"content":{"rendered":"\t\t<div data-elementor-type=\"wp-page\" data-elementor-id=\"243\" class=\"elementor elementor-243 elementor-14\" data-elementor-post-type=\"page\">\n\t\t\t\t<div class=\"elementor-element elementor-element-9ec76fb e-flex e-con-boxed e-con e-parent\" data-id=\"9ec76fb\" data-element_type=\"container\" data-e-type=\"container\" data-settings=\"{&quot;background_background&quot;:&quot;classic&quot;}\">\n\t\t\t\t\t<div class=\"e-con-inner\">\n\t\t<div class=\"elementor-element elementor-element-6befcb4 e-con-full e-flex e-con e-child\" data-id=\"6befcb4\" data-element_type=\"container\" data-e-type=\"container\">\n\t\t\t\t<\/div>\n\t\t\t\t\t<\/div>\n\t\t\t\t<\/div>\n\t\t<div class=\"elementor-element elementor-element-d67c204 e-flex e-con-boxed elementor-invisible e-con e-parent\" data-id=\"d67c204\" data-element_type=\"container\" data-e-type=\"container\" data-settings=\"{&quot;animation&quot;:&quot;fadeIn&quot;,&quot;animation_delay&quot;:300}\">\n\t\t\t\t\t<div class=\"e-con-inner\">\n\t\t<div class=\"elementor-element elementor-element-12fa1c1 e-con-full e-flex e-con e-child\" data-id=\"12fa1c1\" data-element_type=\"container\" data-e-type=\"container\">\n\t\t\t\t<div class=\"elementor-element elementor-element-639fff4 elementor-widget elementor-widget-heading\" data-id=\"639fff4\" data-element_type=\"widget\" data-e-type=\"widget\" data-widget_type=\"heading.default\">\n\t\t\t\t<div class=\"elementor-widget-container\">\n\t\t\t\t\t<h2 class=\"elementor-heading-title elementor-size-default\">Une exp\u00e9rience gustative unique<\/h2>\t\t\t\t<\/div>\n\t\t\t\t<\/div>\n\t\t\t\t<div class=\"elementor-element elementor-element-4cea167 elementor-widget elementor-widget-text-editor\" data-id=\"4cea167\" data-element_type=\"widget\" data-e-type=\"widget\" data-widget_type=\"text-editor.default\">\n\t\t\t\t<div class=\"elementor-widget-container\">\n\t\t\t\t\t\t\t\t\t<p class=\"\" data-start=\"42\" data-end=\"239\">Chez <strong data-start=\"47\" data-end=\"64\">Osteria d\u2019Oro<\/strong>, tout tourne autour de l\u2019exp\u00e9rience culinaire. Entrez dans notre \u00e9l\u00e9gante boutique-traiteur et laissez-vous immerger dans l\u2019atmosph\u00e8re raffin\u00e9e de la gastronomie italienne.<\/p><p class=\"\" data-start=\"241\" data-end=\"410\">Non seulement vous pouvez emporter nos produits chez vous, mais vous pouvez \u00e9galement profiter d\u2019une d\u00e9gustation exclusive sur place, o\u00f9 tous vos sens seront \u00e9veill\u00e9s.<\/p><p class=\"\" data-start=\"412\" data-end=\"452\">Vous pouvez d\u00e9guster en tout confort :<\/p><p class=\"\" data-start=\"454\" data-end=\"840\">\u2022 <strong data-start=\"456\" data-end=\"501\">Des p\u00e2tes et pizzas fra\u00eechement pr\u00e9par\u00e9es<\/strong>, r\u00e9alis\u00e9es selon des recettes italiennes traditionnelles.<br data-start=\"559\" data-end=\"562\" \/>\u2022 <strong data-start=\"564\" data-end=\"615\">Une s\u00e9lection de fromages et charcuteries fines<\/strong>, dont la burrata, le prosciutto et le Parmigiano Reggiano.<br data-start=\"674\" data-end=\"677\" \/>\u2022 <strong data-start=\"679\" data-end=\"733\">Des antipasti classiques et des sp\u00e9cialit\u00e9s maison<\/strong>, telles que la caponata.<br data-start=\"758\" data-end=\"761\" \/>\u2022 <strong data-start=\"763\" data-end=\"805\">Un verre de vin italien ou un digestif<\/strong> pour parfaire votre d\u00e9gustation.<\/p><p class=\"\" data-start=\"842\" data-end=\"1071\">Que vous souhaitiez un d\u00e9jeuner rapide ou prendre le temps de d\u00e9couvrir les saveurs authentiques de l\u2019Italie, notre espace d\u00e9gustation vous offre l\u2019occasion de faire connaissance avec notre cuisine dans une ambiance conviviale.<\/p><p class=\"\" data-start=\"1073\" data-end=\"1173\"><strong data-start=\"1073\" data-end=\"1171\">Savourez l\u2019Italie comme nulle part ailleurs \u00e0 Knokke-Heist. Venez vivre une exp\u00e9rience unique.<\/strong><\/p>\t\t\t\t\t\t\t\t<\/div>\n\t\t\t\t<\/div>\n\t\t\t\t<div class=\"elementor-element elementor-element-fea1fb4 elementor-align-left btn-effect elementor-mobile-align-center elementor-widget elementor-widget-button\" data-id=\"fea1fb4\" data-element_type=\"widget\" data-e-type=\"widget\" data-widget_type=\"button.default\">\n\t\t\t\t<div class=\"elementor-widget-container\">\n\t\t\t\t\t\t\t\t\t<div class=\"elementor-button-wrapper\">\n\t\t\t\t\t<a class=\"elementor-button elementor-button-link elementor-size-sm\" href=\"https:\/\/osteriadoro.be\/fr\/contact\/\">\n\t\t\t\t\t\t<span class=\"elementor-button-content-wrapper\">\n\t\t\t\t\t\t\t\t\t<span class=\"elementor-button-text\">Contactez-nous<\/span>\n\t\t\t\t\t<\/span>\n\t\t\t\t\t<\/a>\n\t\t\t\t<\/div>\n\t\t\t\t\t\t\t\t<\/div>\n\t\t\t\t<\/div>\n\t\t\t\t<\/div>\n\t\t<div class=\"elementor-element elementor-element-a96b86e e-con-full e-flex e-con e-child\" data-id=\"a96b86e\" data-element_type=\"container\" data-e-type=\"container\">\n\t\t\t\t<div class=\"elementor-element elementor-element-c480bd0 elementor-skin-carousel elementor-arrows-yes elementor-widget elementor-widget-media-carousel\" data-id=\"c480bd0\" data-element_type=\"widget\" data-e-type=\"widget\" data-settings=\"{&quot;effect&quot;:&quot;fade&quot;,&quot;autoplay_speed&quot;:3500,&quot;skin&quot;:&quot;carousel&quot;,&quot;show_arrows&quot;:&quot;yes&quot;,&quot;speed&quot;:500,&quot;autoplay&quot;:&quot;yes&quot;,&quot;loop&quot;:&quot;yes&quot;,&quot;pause_on_hover&quot;:&quot;yes&quot;,&quot;pause_on_interaction&quot;:&quot;yes&quot;,&quot;space_between&quot;:{&quot;unit&quot;:&quot;px&quot;,&quot;size&quot;:10,&quot;sizes&quot;:[]},&quot;space_between_tablet&quot;:{&quot;unit&quot;:&quot;px&quot;,&quot;size&quot;:10,&quot;sizes&quot;:[]},&quot;space_between_mobile&quot;:{&quot;unit&quot;:&quot;px&quot;,&quot;size&quot;:10,&quot;sizes&quot;:[]}}\" data-widget_type=\"media-carousel.default\">\n\t\t\t\t<div class=\"elementor-widget-container\">\n\t\t\t\t\t\t\t\t\t<div class=\"elementor-swiper\">\n\t\t\t\t\t<div class=\"elementor-main-swiper swiper\" role=\"region\" aria-roledescription=\"carousel\" aria-label=\"Slides\">\n\t\t\t\t<div class=\"swiper-wrapper\">\n\t\t\t\t\t\t\t\t\t\t\t<div class=\"swiper-slide\" role=\"group\" aria-roledescription=\"slide\">\n\t\t\t\t\t\t\t\t\t<div class=\"elementor-carousel-image\" role=\"img\" aria-label=\"3\" style=\"background-image: url(&#039;https:\/\/osteriadoro.be\/wp-content\/uploads\/2025\/05\/3-1.jpg&#039;)\">\n\n\t\t\t\n\t\t\t\t\t<\/div>\n\t\t\t\t\t\t\t\t<\/div>\n\t\t\t\t\t\t\t\t\t\t\t<div class=\"swiper-slide\" role=\"group\" aria-roledescription=\"slide\">\n\t\t\t\t\t\t\t\t\t<div class=\"elementor-carousel-image\" role=\"img\" aria-label=\"2\" style=\"background-image: url(&#039;https:\/\/osteriadoro.be\/wp-content\/uploads\/2025\/05\/2.jpg&#039;)\">\n\n\t\t\t\n\t\t\t\t\t<\/div>\n\t\t\t\t\t\t\t\t<\/div>\n\t\t\t\t\t\t\t\t\t\t\t<div class=\"swiper-slide\" role=\"group\" aria-roledescription=\"slide\">\n\t\t\t\t\t\t\t\t\t<div class=\"elementor-carousel-image\" role=\"img\" aria-label=\"21\" style=\"background-image: url(&#039;https:\/\/osteriadoro.be\/wp-content\/uploads\/2025\/05\/21.jpg&#039;)\">\n\n\t\t\t\n\t\t\t\t\t<\/div>\n\t\t\t\t\t\t\t\t<\/div>\n\t\t\t\t\t\t\t\t\t\t\t<div class=\"swiper-slide\" role=\"group\" aria-roledescription=\"slide\">\n\t\t\t\t\t\t\t\t\t<div class=\"elementor-carousel-image\" role=\"img\" aria-label=\"38\" style=\"background-image: url(&#039;https:\/\/osteriadoro.be\/wp-content\/uploads\/2025\/05\/38.jpg&#039;)\">\n\n\t\t\t\n\t\t\t\t\t<\/div>\n\t\t\t\t\t\t\t\t<\/div>\n\t\t\t\t\t\t\t\t\t\t\t<div class=\"swiper-slide\" role=\"group\" aria-roledescription=\"slide\">\n\t\t\t\t\t\t\t\t\t<div class=\"elementor-carousel-image\" role=\"img\" aria-label=\"39\" style=\"background-image: url(&#039;https:\/\/osteriadoro.be\/wp-content\/uploads\/2025\/05\/39.jpg&#039;)\">\n\n\t\t\t\n\t\t\t\t\t<\/div>\n\t\t\t\t\t\t\t\t<\/div>\n\t\t\t\t\t\t\t\t\t<\/div>\n\t\t\t\t\t\t\t\t\t\t\t\t\t\t\t<div class=\"elementor-swiper-button elementor-swiper-button-prev\" role=\"button\" tabindex=\"0\" aria-label=\"Previous\">\n\t\t\t\t\t\t\t<svg aria-hidden=\"true\" class=\"e-font-icon-svg e-eicon-chevron-left\" viewBox=\"0 0 1000 1000\" xmlns=\"http:\/\/www.w3.org\/2000\/svg\"><path d=\"M646 125C629 125 613 133 604 142L308 442C296 454 292 471 292 487 292 504 296 521 308 533L604 854C617 867 629 875 646 875 663 875 679 871 692 858 704 846 713 829 713 812 713 796 708 779 692 767L438 487 692 225C700 217 708 204 708 187 708 171 704 154 692 142 675 129 663 125 646 125Z\"><\/path><\/svg>\t\t\t\t\t\t<\/div>\n\t\t\t\t\t\t<div class=\"elementor-swiper-button elementor-swiper-button-next\" role=\"button\" tabindex=\"0\" aria-label=\"Next\">\n\t\t\t\t\t\t\t<svg aria-hidden=\"true\" class=\"e-font-icon-svg e-eicon-chevron-right\" viewBox=\"0 0 1000 1000\" xmlns=\"http:\/\/www.w3.org\/2000\/svg\"><path d=\"M696 533C708 521 713 504 713 487 713 471 708 454 696 446L400 146C388 133 375 125 354 125 338 125 325 129 313 142 300 154 292 171 292 187 292 204 296 221 308 233L563 492 304 771C292 783 288 800 288 817 288 833 296 850 308 863 321 871 338 875 354 875 371 875 388 867 400 854L696 533Z\"><\/path><\/svg>\t\t\t\t\t\t<\/div>\n\t\t\t\t\t\t\t\t\t\t\t\t\t\t\t\t\t<\/div>\n\t\t\t\t<\/div>\n\t\t\t\t\t\t\t\t<\/div>\n\t\t\t\t<\/div>\n\t\t\t\t<\/div>\n\t\t\t\t\t<\/div>\n\t\t\t\t<\/div>\n\t\t\t\t<\/div>\n\t\t","protected":false},"excerpt":{"rendered":"<p>Une exp\u00e9rience gustative unique Chez Osteria d\u2019Oro, tout tourne autour de l\u2019exp\u00e9rience culinaire. Entrez dans notre \u00e9l\u00e9gante boutique-traiteur et laissez-vous immerger dans l\u2019atmosph\u00e8re raffin\u00e9e de la gastronomie italienne. Non seulement vous pouvez emporter nos produits chez vous, mais vous pouvez \u00e9galement profiter d\u2019une d\u00e9gustation exclusive sur place, o\u00f9 tous vos sens seront \u00e9veill\u00e9s. Vous pouvez [&hellip;]<\/p>\n","protected":false},"author":1,"featured_media":0,"parent":0,"menu_order":0,"comment_status":"closed","ping_status":"closed","template":"","meta":{"footnotes":""},"class_list":["post-243","page","type-page","status-publish","hentry"],"yoast_head":"<!-- This site is optimized with the Yoast SEO plugin v27.3 - https:\/\/yoast.com\/product\/yoast-seo-wordpress\/ -->\n<title>Go\u00fbtez l&#039;Italie \u00e0 Knokke | D\u00e9gustations exclusives chez Osteria d&#039;Oro<\/title>\n<meta name=\"description\" content=\"Vivez les saveurs de l&#039;Italie lors d&#039;une d\u00e9gustation exclusive chez Osteria d&#039;Oro \u00e0 Knokke. Laissez vos sens s&#039;\u00e9veiller dans un cadre raffin\u00e9. R\u00e9servez maintenant!\" \/>\n<meta name=\"robots\" content=\"index, follow, max-snippet:-1, max-image-preview:large, max-video-preview:-1\" \/>\n<link rel=\"canonical\" href=\"https:\/\/osteriadoro.be\/fr\/degustation-sur-place\/\" \/>\n<meta property=\"og:locale\" content=\"fr_FR\" \/>\n<meta property=\"og:type\" content=\"article\" \/>\n<meta property=\"og:title\" content=\"Go\u00fbtez l&#039;Italie \u00e0 Knokke | D\u00e9gustations exclusives chez Osteria d&#039;Oro\" \/>\n<meta property=\"og:description\" content=\"Vivez les saveurs de l&#039;Italie lors d&#039;une d\u00e9gustation exclusive chez Osteria d&#039;Oro \u00e0 Knokke. Laissez vos sens s&#039;\u00e9veiller dans un cadre raffin\u00e9. R\u00e9servez maintenant!\" \/>\n<meta property=\"og:url\" content=\"https:\/\/osteriadoro.be\/fr\/degustation-sur-place\/\" \/>\n<meta property=\"og:site_name\" content=\"Traiteur Osteria d\u2019Oro\" \/>\n<meta property=\"article:modified_time\" content=\"2025-05-16T08:36:24+00:00\" \/>\n<meta property=\"og:image\" content=\"https:\/\/osteriadoro.be\/wp-content\/uploads\/2025\/05\/logo.jpg\" \/>\n\t<meta property=\"og:image:width\" content=\"697\" \/>\n\t<meta property=\"og:image:height\" content=\"374\" \/>\n\t<meta property=\"og:image:type\" content=\"image\/jpeg\" \/>\n<meta name=\"twitter:card\" content=\"summary_large_image\" \/>\n<meta name=\"twitter:label1\" content=\"Dur\u00e9e de lecture est.\" \/>\n\t<meta name=\"twitter:data1\" content=\"1 minute\" \/>\n<script type=\"application\/ld+json\" class=\"yoast-schema-graph\">{\"@context\":\"https:\\\/\\\/schema.org\",\"@graph\":[{\"@type\":\"WebPage\",\"@id\":\"https:\\\/\\\/osteriadoro.be\\\/fr\\\/degustation-sur-place\\\/\",\"url\":\"https:\\\/\\\/osteriadoro.be\\\/fr\\\/degustation-sur-place\\\/\",\"name\":\"Go\u00fbtez l'Italie \u00e0 Knokke | D\u00e9gustations exclusives chez Osteria d'Oro\",\"isPartOf\":{\"@id\":\"https:\\\/\\\/osteriadoro.be\\\/fr\\\/#website\"},\"datePublished\":\"2025-05-03T04:15:14+00:00\",\"dateModified\":\"2025-05-16T08:36:24+00:00\",\"description\":\"Vivez les saveurs de l'Italie lors d'une d\u00e9gustation exclusive chez Osteria d'Oro \u00e0 Knokke. Laissez vos sens s'\u00e9veiller dans un cadre raffin\u00e9. R\u00e9servez maintenant!\",\"breadcrumb\":{\"@id\":\"https:\\\/\\\/osteriadoro.be\\\/fr\\\/degustation-sur-place\\\/#breadcrumb\"},\"inLanguage\":\"fr-BE\",\"potentialAction\":[{\"@type\":\"ReadAction\",\"target\":[\"https:\\\/\\\/osteriadoro.be\\\/fr\\\/degustation-sur-place\\\/\"]}]},{\"@type\":\"BreadcrumbList\",\"@id\":\"https:\\\/\\\/osteriadoro.be\\\/fr\\\/degustation-sur-place\\\/#breadcrumb\",\"itemListElement\":[{\"@type\":\"ListItem\",\"position\":1,\"name\":\"Home\",\"item\":\"https:\\\/\\\/osteriadoro.be\\\/fr\\\/\"},{\"@type\":\"ListItem\",\"position\":2,\"name\":\"D\u00e9gustation sur place\"}]},{\"@type\":\"WebSite\",\"@id\":\"https:\\\/\\\/osteriadoro.be\\\/fr\\\/#website\",\"url\":\"https:\\\/\\\/osteriadoro.be\\\/fr\\\/\",\"name\":\"Traiteur Osteria d'Oro\",\"description\":\"De fijnste Italiaanse delicatessen in Knokke\",\"publisher\":{\"@id\":\"https:\\\/\\\/osteriadoro.be\\\/fr\\\/#organization\"},\"potentialAction\":[{\"@type\":\"SearchAction\",\"target\":{\"@type\":\"EntryPoint\",\"urlTemplate\":\"https:\\\/\\\/osteriadoro.be\\\/fr\\\/?s={search_term_string}\"},\"query-input\":{\"@type\":\"PropertyValueSpecification\",\"valueRequired\":true,\"valueName\":\"search_term_string\"}}],\"inLanguage\":\"fr-BE\"},{\"@type\":\"Organization\",\"@id\":\"https:\\\/\\\/osteriadoro.be\\\/fr\\\/#organization\",\"name\":\"Traiteur Osteria d'Oro\",\"url\":\"https:\\\/\\\/osteriadoro.be\\\/fr\\\/\",\"logo\":{\"@type\":\"ImageObject\",\"inLanguage\":\"fr-BE\",\"@id\":\"https:\\\/\\\/osteriadoro.be\\\/fr\\\/#\\\/schema\\\/logo\\\/image\\\/\",\"url\":\"https:\\\/\\\/osteriadoro.be\\\/wp-content\\\/uploads\\\/2025\\\/05\\\/logo.jpg\",\"contentUrl\":\"https:\\\/\\\/osteriadoro.be\\\/wp-content\\\/uploads\\\/2025\\\/05\\\/logo.jpg\",\"width\":697,\"height\":374,\"caption\":\"Traiteur Osteria d'Oro\"},\"image\":{\"@id\":\"https:\\\/\\\/osteriadoro.be\\\/fr\\\/#\\\/schema\\\/logo\\\/image\\\/\"}}]}<\/script>\n<!-- \/ Yoast SEO plugin. -->","yoast_head_json":{"title":"Go\u00fbtez l'Italie \u00e0 Knokke | D\u00e9gustations exclusives chez Osteria d'Oro","description":"Vivez les saveurs de l'Italie lors d'une d\u00e9gustation exclusive chez Osteria d'Oro \u00e0 Knokke. Laissez vos sens s'\u00e9veiller dans un cadre raffin\u00e9. R\u00e9servez maintenant!","robots":{"index":"index","follow":"follow","max-snippet":"max-snippet:-1","max-image-preview":"max-image-preview:large","max-video-preview":"max-video-preview:-1"},"canonical":"https:\/\/osteriadoro.be\/fr\/degustation-sur-place\/","og_locale":"fr_FR","og_type":"article","og_title":"Go\u00fbtez l'Italie \u00e0 Knokke | D\u00e9gustations exclusives chez Osteria d'Oro","og_description":"Vivez les saveurs de l'Italie lors d'une d\u00e9gustation exclusive chez Osteria d'Oro \u00e0 Knokke. Laissez vos sens s'\u00e9veiller dans un cadre raffin\u00e9. R\u00e9servez maintenant!","og_url":"https:\/\/osteriadoro.be\/fr\/degustation-sur-place\/","og_site_name":"Traiteur Osteria d\u2019Oro","article_modified_time":"2025-05-16T08:36:24+00:00","og_image":[{"width":697,"height":374,"url":"https:\/\/osteriadoro.be\/wp-content\/uploads\/2025\/05\/logo.jpg","type":"image\/jpeg"}],"twitter_card":"summary_large_image","twitter_misc":{"Dur\u00e9e de lecture est.":"1 minute"},"schema":{"@context":"https:\/\/schema.org","@graph":[{"@type":"WebPage","@id":"https:\/\/osteriadoro.be\/fr\/degustation-sur-place\/","url":"https:\/\/osteriadoro.be\/fr\/degustation-sur-place\/","name":"Go\u00fbtez l'Italie \u00e0 Knokke | D\u00e9gustations exclusives chez Osteria d'Oro","isPartOf":{"@id":"https:\/\/osteriadoro.be\/fr\/#website"},"datePublished":"2025-05-03T04:15:14+00:00","dateModified":"2025-05-16T08:36:24+00:00","description":"Vivez les saveurs de l'Italie lors d'une d\u00e9gustation exclusive chez Osteria d'Oro \u00e0 Knokke. Laissez vos sens s'\u00e9veiller dans un cadre raffin\u00e9. R\u00e9servez maintenant!","breadcrumb":{"@id":"https:\/\/osteriadoro.be\/fr\/degustation-sur-place\/#breadcrumb"},"inLanguage":"fr-BE","potentialAction":[{"@type":"ReadAction","target":["https:\/\/osteriadoro.be\/fr\/degustation-sur-place\/"]}]},{"@type":"BreadcrumbList","@id":"https:\/\/osteriadoro.be\/fr\/degustation-sur-place\/#breadcrumb","itemListElement":[{"@type":"ListItem","position":1,"name":"Home","item":"https:\/\/osteriadoro.be\/fr\/"},{"@type":"ListItem","position":2,"name":"D\u00e9gustation sur place"}]},{"@type":"WebSite","@id":"https:\/\/osteriadoro.be\/fr\/#website","url":"https:\/\/osteriadoro.be\/fr\/","name":"Traiteur Osteria d'Oro","description":"De fijnste Italiaanse delicatessen in Knokke","publisher":{"@id":"https:\/\/osteriadoro.be\/fr\/#organization"},"potentialAction":[{"@type":"SearchAction","target":{"@type":"EntryPoint","urlTemplate":"https:\/\/osteriadoro.be\/fr\/?s={search_term_string}"},"query-input":{"@type":"PropertyValueSpecification","valueRequired":true,"valueName":"search_term_string"}}],"inLanguage":"fr-BE"},{"@type":"Organization","@id":"https:\/\/osteriadoro.be\/fr\/#organization","name":"Traiteur Osteria d'Oro","url":"https:\/\/osteriadoro.be\/fr\/","logo":{"@type":"ImageObject","inLanguage":"fr-BE","@id":"https:\/\/osteriadoro.be\/fr\/#\/schema\/logo\/image\/","url":"https:\/\/osteriadoro.be\/wp-content\/uploads\/2025\/05\/logo.jpg","contentUrl":"https:\/\/osteriadoro.be\/wp-content\/uploads\/2025\/05\/logo.jpg","width":697,"height":374,"caption":"Traiteur Osteria d'Oro"},"image":{"@id":"https:\/\/osteriadoro.be\/fr\/#\/schema\/logo\/image\/"}}]}},"_links":{"self":[{"href":"https:\/\/osteriadoro.be\/fr\/wp-json\/wp\/v2\/pages\/243","targetHints":{"allow":["GET"]}}],"collection":[{"href":"https:\/\/osteriadoro.be\/fr\/wp-json\/wp\/v2\/pages"}],"about":[{"href":"https:\/\/osteriadoro.be\/fr\/wp-json\/wp\/v2\/types\/page"}],"author":[{"embeddable":true,"href":"https:\/\/osteriadoro.be\/fr\/wp-json\/wp\/v2\/users\/1"}],"replies":[{"embeddable":true,"href":"https:\/\/osteriadoro.be\/fr\/wp-json\/wp\/v2\/comments?post=243"}],"version-history":[{"count":11,"href":"https:\/\/osteriadoro.be\/fr\/wp-json\/wp\/v2\/pages\/243\/revisions"}],"predecessor-version":[{"id":460,"href":"https:\/\/osteriadoro.be\/fr\/wp-json\/wp\/v2\/pages\/243\/revisions\/460"}],"wp:attachment":[{"href":"https:\/\/osteriadoro.be\/fr\/wp-json\/wp\/v2\/media?parent=243"}],"curies":[{"name":"wp","href":"https:\/\/api.w.org\/{rel}","templated":true}]}}